{"id":8,"date":"2014-10-13T16:46:27","date_gmt":"2014-10-13T16:46:27","guid":{"rendered":"http:\/\/www.brandexponents.com\/oshin\/v11\/?page_id=8"},"modified":"2019-06-10T13:59:02","modified_gmt":"2019-06-10T10:59:02","slug":"home","status":"publish","type":"page","link":"https:\/\/www.elipsdizayn.com\/","title":{"rendered":"Anasayfa"},"content":{"rendered":"<div  class=\"tatsu-fqpfj4guo529q8ir tatsu-section    tatsu-clearfix\" data-title=\"\"  data-headerscheme=\"background--light\"><div class='tatsu-section-pad clearfix' data-padding='{\"d\":\"0px 10% 20px 10% \"}' data-padding-top='0px'><div class=\"tatsu-row-wrap  tatsu-row-full-width tatsu-row-one-col tatsu-row-has-one-cols tatsu-medium-gutter tatsu-reg-cols  tatsu-clearfix tatsu-fqpfj4guomc0jij6\" ><div  class=\"tatsu-row \" ><div  class=\"tatsu-column  tatsu-column-no-bg tatsu-one-col tatsu-column-image- tatsu-column-effect-  tatsu-fqpfj4guou1qdctd\" data-animation=\"fadeIn\"   data-parallax-speed=\"0\" style=\"\"><div class=\"tatsu-column-inner \" ><div class=\"tatsu-column-pad-wrap\"><div class=\"tatsu-column-pad\" ><div  class=\"tatsu-module tatsu-text-block-wrap tatsu-rkqIyehTV  \"><div class=\"tatsu-text-inner tatsu-align-center  clearfix\" data-animation=\"fadeIn\"  ><style>.tatsu-rkqIyehTV.tatsu-text-block-wrap .tatsu-text-inner{width: 100%;}<\/style>\n<p style=\"text-align: center;\"><span style=\"color: #000000;\"><strong>Canl\u0131 3D<\/strong><\/span><br \/>\nHaz\u0131rlanan bir grafik tasar\u0131m veya 3D modelleme \u00fcr\u00fcn hen\u00fcz \u00fcretilmeden d\u00fc\u015f\u00fcnce a\u015famas\u0131nda tasarlan\u0131r ve m\u00fc\u015fteriye sanki \u00fcretmi\u015f gibi sunulmas\u0131n\u0131 sa\u011flar.<br \/>\nBurada yapt\u0131\u011f\u0131m\u0131z bu 3D tasar\u0131mlar\u0131\u00a0online websitesi \u00fczerinde g\u00f6r\u00fcnt\u00fclenmesini sa\u011flamak.<br \/>\n<span style=\"color: #ff0000;\">Alttaki videoda canl\u0131 3D nas\u0131l kullanman\u0131z gerekti\u011fi konusunda fikir vermesi ba\u011flam\u0131nda haz\u0131rlanm\u0131\u015ft\u0131r.<\/span><\/p>\n<\/div><\/div><div  class=\"tatsu-module tatsu-video tatsu-hosted-wrap tatsu-ry91tuKTE   \" data-animation=\"fadeIn\"  ><video  width = \"100%\" controls controlsList=\"nodownload\" poster = \"https:\/\/www.elipsdizayn.com\/wp-content\/uploads\/2019\/05\/tost_makinasi0059_P2.jpg\"   ><source src=\"https:\/\/www.elipsdizayn.com\/wp-content\/uploads\/2019\/05\/elipsdizayn_canli_3D.mp4\" type=\"video\/mp4\"><\/video><\/div><\/div><\/div><div class = \"tatsu-column-bg-image-wrap\"><div class = \"tatsu-column-bg-image\" ><\/div><\/div><\/div><style>.tatsu-fqpfj4guou1qdctd.tatsu-column > .tatsu-column-inner > .tatsu-column-overlay{mix-blend-mode: none;}.tatsu-fqpfj4guou1qdctd > .tatsu-column-inner > .tatsu-top-divider{z-index: 9999;}.tatsu-fqpfj4guou1qdctd > .tatsu-column-inner > .tatsu-bottom-divider{z-index: 9999;}.tatsu-fqpfj4guou1qdctd > .tatsu-column-inner > .tatsu-left-divider{z-index: 9999;}.tatsu-fqpfj4guou1qdctd > .tatsu-column-inner > .tatsu-right-divider{z-index: 9999;}.tatsu-fqpfj4guou1qdctd.tatsu-column{transform: translate3d(0px,0px, 0);}<\/style><\/div><\/div><\/div><\/div><div class=\"tatsu-section-background-wrap\"><div class = \"tatsu-section-background\" ><\/div><\/div><style>.tatsu-fqpfj4guo529q8ir.tatsu-section{background-color: rgba(248,248,249,1);margin: 0px 0px 0px 0px;}.tatsu-fqpfj4guo529q8ir{border-width: 0px 0px px 0px;border-style: solid;}.tatsu-fqpfj4guo529q8ir .tatsu-section-pad{padding: 0px 10% 20px 10% ;}.tatsu-fqpfj4guo529q8ir > .tatsu-bottom-divider{z-index: 9999;}.tatsu-fqpfj4guo529q8ir > .tatsu-top-divider{z-index: 9999;}@media only screen and (max-width:1377px) {.tatsu-fqpfj4guo529q8ir{border-style: solid;}}@media only screen and (min-width:768px) and (max-width: 1024px) {.tatsu-fqpfj4guo529q8ir{border-style: solid;}}@media only screen and (max-width: 767px) {.tatsu-fqpfj4guo529q8ir{border-style: solid;}}<\/style><\/div><div  class=\"tatsu-rkSkp1nT4 tatsu-section    tatsu-clearfix\" data-title=\"\"  data-headerscheme=\"background--light\"><div class='tatsu-section-pad clearfix' data-padding='{\"d\":\"20px 10% 20px 10% \"}' data-padding-top='20px'><div class=\"tatsu-row-wrap  tatsu-row-full-width tatsu-row-one-col tatsu-row-has-one-cols tatsu-medium-gutter tatsu-reg-cols  tatsu-clearfix tatsu-SklSy6k3TV\" ><div  class=\"tatsu-row \" ><div  class=\"tatsu-column  tatsu-column-no-bg tatsu-one-col tatsu-column-image- tatsu-column-effect-  tatsu-B1ZSyay36N\" data-animation=\"fadeIn\"   data-parallax-speed=\"0\" style=\"\"><div class=\"tatsu-column-inner \" ><div class=\"tatsu-column-pad-wrap\"><div class=\"tatsu-column-pad\" ><div  class=\"tatsu-module tatsu-inline-text clearfix tatsu-H1u1mlnaE   \" data-animation=\"fadeIn\"  ><style>.tatsu-H1u1mlnaE .tatsu-inline-text-inner{width: 100%;}<\/style><div class=\"tatsu-inline-text-inner tatsu-align-center\"><\/div><\/div><\/div><\/div><div class = \"tatsu-column-bg-image-wrap\"><div class = \"tatsu-column-bg-image\" ><\/div><\/div><\/div><style>.tatsu-B1ZSyay36N.tatsu-column > .tatsu-column-inner > .tatsu-column-overlay{mix-blend-mode: none;}.tatsu-B1ZSyay36N > .tatsu-column-inner > .tatsu-top-divider{z-index: 9999;}.tatsu-B1ZSyay36N > .tatsu-column-inner > .tatsu-bottom-divider{z-index: 9999;}.tatsu-B1ZSyay36N > .tatsu-column-inner > .tatsu-left-divider{z-index: 9999;}.tatsu-B1ZSyay36N > .tatsu-column-inner > .tatsu-right-divider{z-index: 9999;}.tatsu-B1ZSyay36N.tatsu-column{transform: translate3d(0px,0px, 0);}<\/style><\/div><\/div><\/div><\/div><div class=\"tatsu-section-background-wrap\"><div class = \"tatsu-section-background\" ><\/div><\/div><style>.tatsu-rkSkp1nT4{border-width: 0px 0px px 0px;border-style: solid;}.tatsu-rkSkp1nT4 .tatsu-section-pad{padding: 20px 10% 20px 10% ;}.tatsu-rkSkp1nT4.tatsu-section{margin: 0px 0px 0px 0px;}.tatsu-rkSkp1nT4 > .tatsu-bottom-divider{z-index: 9999;}.tatsu-rkSkp1nT4 > .tatsu-top-divider{z-index: 9999;}@media only screen and (max-width:1377px) {.tatsu-rkSkp1nT4{border-style: solid;}}@media only screen and (min-width:768px) and (max-width: 1024px) {.tatsu-rkSkp1nT4{border-style: solid;}}@media only screen and (max-width: 767px) {.tatsu-rkSkp1nT4{border-style: solid;}}<\/style><\/div><div  class=\"tatsu-rJvaGl26V tatsu-section    tatsu-clearfix\" data-title=\"\"  data-headerscheme=\"background--light\"><div class='tatsu-section-pad clearfix' data-padding='{\"d\":\"20px 10% 20px 10% \"}' data-padding-top='20px'><div class=\"tatsu-row-wrap  tatsu-row-full-width tatsu-row-one-col tatsu-row-has-one-cols tatsu-medium-gutter tatsu-reg-cols  tatsu-clearfix tatsu-SyeP6zl3pV\" ><div  class=\"tatsu-row \" ><div  class=\"tatsu-column  tatsu-column-no-bg tatsu-one-col tatsu-column-image- tatsu-column-effect-  tatsu-HybPTzgnTN\" data-animation=\"fadeIn\"   data-parallax-speed=\"0\" style=\"\"><div class=\"tatsu-column-inner \" ><div class=\"tatsu-column-pad-wrap\"><div class=\"tatsu-column-pad\" ><div  class=\"tatsu-module tatsu-text-block-wrap tatsu-HyzDpfxhaV  \"><div class=\"tatsu-text-inner tatsu-align-center  clearfix\" data-animation=\"fadeIn\"  ><style>.tatsu-HyzDpfxhaV.tatsu-text-block-wrap .tatsu-text-inner{width: 100%;}<\/style>\n<p style=\"text-align: center;\"><span style=\"color: #000000;\"><strong>\u00c7evirmeli Sayfa (Page Flip)<\/strong><\/span><br \/>\nHaz\u0131rlanan dergi, bro\u015f\u00fcr ve katalog gibi tasar\u0131mlar\u0131n online web sitesi \u00fczerinde ger\u00e7ek bir dergiyi inceler gibi g\u00f6r\u00fcnt\u00fclenmesini sa\u011flar.<br \/>\n<span style=\"color: #ff0000;\">Alttaki videoda \u00e7evirmeli sayfay\u0131 nas\u0131l kullanman\u0131z gerekti\u011fi konusunda fikir vermesi ba\u011flam\u0131nda haz\u0131rlanm\u0131\u015ft\u0131r.<\/span><\/p>\n<\/div><\/div><div  class=\"tatsu-module tatsu-video tatsu-hosted-wrap tatsu-HJ7wpGlha4   \" data-animation=\"fadeIn\"  ><video  width = \"100%\" controls controlsList=\"nodownload\" poster = \"https:\/\/www.elipsdizayn.com\/wp-content\/uploads\/2019\/05\/Redensity_R1_ve_R2_doktor_brochure_on_P2.jpg\"   ><source src=\"https:\/\/www.elipsdizayn.com\/wp-content\/uploads\/2019\/05\/elipsdizayn_cevirmeli_sayfa.mp4\" type=\"video\/mp4\"><\/video><\/div><\/div><\/div><div class = \"tatsu-column-bg-image-wrap\"><div class = \"tatsu-column-bg-image\" ><\/div><\/div><\/div><style>.tatsu-HybPTzgnTN.tatsu-column > .tatsu-column-inner > .tatsu-column-overlay{mix-blend-mode: none;}.tatsu-HybPTzgnTN > .tatsu-column-inner > .tatsu-top-divider{z-index: 9999;}.tatsu-HybPTzgnTN > .tatsu-column-inner > .tatsu-bottom-divider{z-index: 9999;}.tatsu-HybPTzgnTN > .tatsu-column-inner > .tatsu-left-divider{z-index: 9999;}.tatsu-HybPTzgnTN > .tatsu-column-inner > .tatsu-right-divider{z-index: 9999;}.tatsu-HybPTzgnTN.tatsu-column{transform: translate3d(0px,0px, 0);}<\/style><\/div><\/div><\/div><\/div><div class=\"tatsu-section-background-wrap\"><div class = \"tatsu-section-background\" ><\/div><\/div><style>.tatsu-rJvaGl26V.tatsu-section{background-color: rgba(248,248,249,1);margin: 0px 0px 0px 0px;}.tatsu-rJvaGl26V{border-width: 0px 0px px 0px;border-style: solid;}.tatsu-rJvaGl26V .tatsu-section-pad{padding: 20px 10% 20px 10% ;}.tatsu-rJvaGl26V > .tatsu-bottom-divider{z-index: 9999;}.tatsu-rJvaGl26V > .tatsu-top-divider{z-index: 9999;}@media only screen and (max-width:1377px) {.tatsu-rJvaGl26V{border-style: solid;}}@media only screen and (min-width:768px) and (max-width: 1024px) {.tatsu-rJvaGl26V{border-style: solid;}}@media only screen and (max-width: 767px) {.tatsu-rJvaGl26V{border-style: solid;}}<\/style><\/div>\n","protected":false},"excerpt":{"rendered":"<p><a href=\"https:\/\/www.elipsdizayn.com\/\" class=\"more-link style3-button\">Read More<\/a><\/p>","protected":false},"author":1,"featured_media":0,"parent":0,"menu_order":0,"comment_status":"open","ping_status":"closed","template":"","meta":{"footnotes":""},"_links":{"self":[{"href":"https:\/\/www.elipsdizayn.com\/index.php\/wp-json\/wp\/v2\/pages\/8"}],"collection":[{"href":"https:\/\/www.elipsdizayn.com\/index.php\/wp-json\/wp\/v2\/pages"}],"about":[{"href":"https:\/\/www.elipsdizayn.com\/index.php\/wp-json\/wp\/v2\/types\/page"}],"author":[{"embeddable":true,"href":"https:\/\/www.elipsdizayn.com\/index.php\/wp-json\/wp\/v2\/users\/1"}],"replies":[{"embeddable":true,"href":"https:\/\/www.elipsdizayn.com\/index.php\/wp-json\/wp\/v2\/comments?post=8"}],"version-history":[{"count":31,"href":"https:\/\/www.elipsdizayn.com\/index.php\/wp-json\/wp\/v2\/pages\/8\/revisions"}],"predecessor-version":[{"id":4267,"href":"https:\/\/www.elipsdizayn.com\/index.php\/wp-json\/wp\/v2\/pages\/8\/revisions\/4267"}],"wp:attachment":[{"href":"https:\/\/www.elipsdizayn.com\/index.php\/wp-json\/wp\/v2\/media?parent=8"}],"curies":[{"name":"wp","href":"https:\/\/api.w.org\/{rel}","templated":true}]}}