{"id":3989,"date":"2019-04-18T22:48:31","date_gmt":"2019-04-18T19:48:31","guid":{"rendered":"https:\/\/www.elipsdizayn.com\/?page_id=3989"},"modified":"2019-04-24T20:57:02","modified_gmt":"2019-04-24T17:57:02","slug":"web-tasarim","status":"publish","type":"page","link":"https:\/\/www.elipsdizayn.com\/index.php\/web-tasarim\/","title":{"rendered":"Web Tasar\u0131m"},"content":{"rendered":"<div  class=\"tatsu-fqpfj815nv6wf44r tatsu-section    tatsu-clearfix\" data-title=\"\"  data-headerscheme=\"background--dark\"><div class='tatsu-section-pad clearfix' data-padding='{\"d\":\"0px 0% 90px 0% \"}' data-padding-top='0px'><div class=\"tatsu-row-wrap  tatsu-row-full-width tatsu-row-one-col tatsu-row-has-one-cols tatsu-medium-gutter tatsu-reg-cols  tatsu-clearfix tatsu-fqpfj815ocb9usax\" ><div  class=\"tatsu-row \" ><div  class=\"tatsu-column  tatsu-column-no-bg tatsu-one-col tatsu-column-image- tatsu-column-effect-  tatsu-fqpfj815omb6nu6h\" data-animation=\"fadeIn\"   data-parallax-speed=\"0\" style=\"\"><div class=\"tatsu-column-inner \" ><div class=\"tatsu-column-pad-wrap\"><div class=\"tatsu-column-pad\" ><div  class = \"portfolio-all-wrap oshine-portfolio-module tatsu-fqpfj815osd4rtkx\"  > <div class=\"portfolio full-screen  full-screen-gutter masonry_disable style1-gutter three-col \"  data-action=\"get_ajax_full_screen_gutter_portfolio\" data-category=\"web_tasarim\" data-aspect-ratio = \"1.6\" data-enable-masonry=\"0\" data-showposts=\"-1\" data-paged=\"2\" data-col=\"three\" data-gallery=\"0\" data-filter=\"portfolio_categories\" data-meta_to_show=\"portfolio_categories\" data-show_filters=\"yes\" data-thumbnail-bg-color=\"\" data-thumbnail-bg-gradient=\"background:rgba(0,0,0,0.8)\" data-title-style=\"style3\" data-cat-color=\"#cecece\" data-title-color=\"#ffffff\" data-title-animation-type=\"fadeInDown\" data-cat-animation-type=\"fadeInUp\" data-hover-style=\"style6-hover\" data-gutter-width=\"50\" data-img-grayscale=\"c_to_c\" data-image-effect=\"zoom-in\"\" data-gradient-style-color=\"background:rgba(0,0,0,0.8)\" data-cat-hide=\"0\" data-like-indicator=\"0\" style=\"margin-right: 50px;\"><div class=\"filters clearfix border align-center\" style=\"margin-left:50px;\"><div class=\"filter_item\"><span class=\"sort current_choice\" data-id=\"element\">All<\/span><\/div><div class=\"filter_item\"><span class=\"sort\" data-id=\"web_tasarim\">Web Tasar\u0131m<\/span><\/div><\/div><div class=\"portfolio-container clickable clearfix portfolio-shortcode  none \"><div class=\"element be-hoverlay not-wide no-wide-width-height style6-hover c_to_c style3-title\"style=\"margin-bottom: 50px;\" data-category-names = \"web_tasarim \"><div class=\"element-inner\" style=\"margin-left: 50px;\"><a href=\"https:\/\/www.elipsdizayn.com\/index.php\/portfolio\/sisik-insaat\/\" class=\" thumb-wrap   \" data-gdpr-atts={} title=\"sisikinsaat_01\" ><div class=\"flip-wrap\" ><div   style = \"padding-bottom : 62.5%;;\" class=\"flip-img-wrap zoom-in-effect\"><img decoding=\"async\" src=\"https:\/\/www.elipsdizayn.com\/wp-content\/uploads\/2019\/04\/sisikinsaat_01-650x406.jpg\" alt=\"\"\/><\/div><\/div><div class=\"thumb-overlay \"><div class=\"thumb-bg \" style=\"background:rgba(0,0,0,0.8)\"><div class=\"thumb-title-wrap \"><div class=\"thumb-title animated animation-trigger\" data-animation-type=\"fadeInDown\"style=\"color:#ffffff;\">\u015ei\u015fik \u0130n\u015faat<\/div><div class=\"portfolio-item-cats animated animation-trigger\" data-animation-type=\"fadeInUp\"style=\"color:#cecece;\"><span>Web Tasar\u0131m<\/span><\/div><\/div><\/div><\/div><\/a><div class=\"portfolio-like like-button-wrap\"><a href=\"#\" class=\"custom-like-button no-liked\" data-post-id=\"3993\"><i class=\"font-icon icon-icon_heart\"><\/i><span>0<\/span><\/a><\/div><\/div><\/div><div class=\"element be-hoverlay not-wide no-wide-width-height style6-hover c_to_c style3-title\"style=\"margin-bottom: 50px;\" data-category-names = \"web_tasarim \"><div class=\"element-inner\" style=\"margin-left: 50px;\"><a href=\"https:\/\/www.elipsdizayn.com\/index.php\/portfolio\/koraloglu-insaat\/\" class=\" thumb-wrap   \" data-gdpr-atts={} title=\"koraloglu_01\" ><div class=\"flip-wrap\" ><div   style = \"padding-bottom : 62.5%;;\" class=\"flip-img-wrap zoom-in-effect\"><img decoding=\"async\" src=\"https:\/\/www.elipsdizayn.com\/wp-content\/uploads\/2019\/04\/koraloglu_01-650x406.jpg\" alt=\"\"\/><\/div><\/div><div class=\"thumb-overlay \"><div class=\"thumb-bg \" style=\"background:rgba(0,0,0,0.8)\"><div class=\"thumb-title-wrap \"><div class=\"thumb-title animated animation-trigger\" data-animation-type=\"fadeInDown\"style=\"color:#ffffff;\">Koralo\u011flu \u0130n\u015faat<\/div><div class=\"portfolio-item-cats animated animation-trigger\" data-animation-type=\"fadeInUp\"style=\"color:#cecece;\"><span>Web Tasar\u0131m<\/span><\/div><\/div><\/div><\/div><\/a><div class=\"portfolio-like like-button-wrap\"><a href=\"#\" class=\"custom-like-button no-liked\" data-post-id=\"3984\"><i class=\"font-icon icon-icon_heart\"><\/i><span>0<\/span><\/a><\/div><\/div><\/div><\/div><\/div><\/div><\/div><\/div><div class = \"tatsu-column-bg-image-wrap\"><div class = \"tatsu-column-bg-image\" ><\/div><\/div><\/div><style>.tatsu-fqpfj815omb6nu6h.tatsu-column > .tatsu-column-inner > .tatsu-column-overlay{mix-blend-mode: none;}.tatsu-fqpfj815omb6nu6h > .tatsu-column-inner > .tatsu-top-divider{z-index: 9999;}.tatsu-fqpfj815omb6nu6h > .tatsu-column-inner > .tatsu-bottom-divider{z-index: 9999;}.tatsu-fqpfj815omb6nu6h > .tatsu-column-inner > .tatsu-left-divider{z-index: 9999;}.tatsu-fqpfj815omb6nu6h > .tatsu-column-inner > .tatsu-right-divider{z-index: 9999;}.tatsu-fqpfj815omb6nu6h.tatsu-column{transform: translate3d(0px,0px, 0);}<\/style><\/div><\/div><\/div><\/div><div class=\"tatsu-section-background-wrap\"><div class = \"tatsu-section-background\" ><\/div><\/div><style>.tatsu-fqpfj815nv6wf44r .tatsu-section-pad{padding: 0px 0% 90px 0% ;}.tatsu-fqpfj815nv6wf44r.tatsu-section{margin: 0px 0px 0px 0px;}.tatsu-fqpfj815nv6wf44r > .tatsu-bottom-divider{z-index: 9999;}.tatsu-fqpfj815nv6wf44r > .tatsu-top-divider{z-index: 9999;}<\/style><\/div>\n","protected":false},"excerpt":{"rendered":"<p><a href=\"https:\/\/www.elipsdizayn.com\/index.php\/portfolio\/koraloglu-insaat\/\" class=\"more-link style3-button\">Read More<\/a><\/p>","protected":false},"author":1,"featured_media":0,"parent":0,"menu_order":0,"comment_status":"closed","ping_status":"closed","template":"","meta":{"footnotes":""},"_links":{"self":[{"href":"https:\/\/www.elipsdizayn.com\/index.php\/wp-json\/wp\/v2\/pages\/3989"}],"collection":[{"href":"https:\/\/www.elipsdizayn.com\/index.php\/wp-json\/wp\/v2\/pages"}],"about":[{"href":"https:\/\/www.elipsdizayn.com\/index.php\/wp-json\/wp\/v2\/types\/page"}],"author":[{"embeddable":true,"href":"https:\/\/www.elipsdizayn.com\/index.php\/wp-json\/wp\/v2\/users\/1"}],"replies":[{"embeddable":true,"href":"https:\/\/www.elipsdizayn.com\/index.php\/wp-json\/wp\/v2\/comments?post=3989"}],"version-history":[{"count":4,"href":"https:\/\/www.elipsdizayn.com\/index.php\/wp-json\/wp\/v2\/pages\/3989\/revisions"}],"predecessor-version":[{"id":4059,"href":"https:\/\/www.elipsdizayn.com\/index.php\/wp-json\/wp\/v2\/pages\/3989\/revisions\/4059"}],"wp:attachment":[{"href":"https:\/\/www.elipsdizayn.com\/index.php\/wp-json\/wp\/v2\/media?parent=3989"}],"curies":[{"name":"wp","href":"https:\/\/api.w.org\/{rel}","templated":true}]}}