{"id":4078,"date":"2019-04-30T23:07:24","date_gmt":"2019-04-30T20:07:24","guid":{"rendered":"https:\/\/www.elipsdizayn.com\/?page_id=4078"},"modified":"2019-05-01T09:13:41","modified_gmt":"2019-05-01T06:13:41","slug":"amblem-logotype","status":"publish","type":"page","link":"http:\/\/www.elipsdizayn.com\/index.php\/amblem-logotype\/","title":{"rendered":"Amblem &#038; Logotype"},"content":{"rendered":"<div  class=\"tatsu-HJ-sZsmUi4 tatsu-section    tatsu-clearfix\" data-title=\"\"  data-headerscheme=\"background--dark\"><div class='tatsu-section-pad clearfix' data-padding='{\"d\":\"90px 0px 90px 0px\"}' data-padding-top='90px'><div class=\"tatsu-row-wrap  tatsu-wrap tatsu-row-one-col tatsu-row-has-one-cols tatsu-medium-gutter tatsu-reg-cols  tatsu-clearfix tatsu-rJeobomLs4\" ><div  class=\"tatsu-row \" ><div  class=\"tatsu-column  tatsu-column-no-bg tatsu-one-col tatsu-column-image- tatsu-column-effect-  tatsu-SkjZi7Ui4\" data-animation=\"fadeIn\"   data-parallax-speed=\"0\" style=\"\"><div class=\"tatsu-column-inner \" ><div class=\"tatsu-column-pad-wrap\"><div class=\"tatsu-column-pad\" ><div  class=\"portfolio-all-wrap  oshine-gallery-module 0 tatsu-ryYMomLo4  \" ><div class=\"portfolio  full-screen  full-screen-gutter style2-gutter three-col \" style=\"margin-left: -40px;\"  data-action=\"get_be_gallery_with_pagination\"  data-paged=\"1\" data-enable-masonry=\"0\" data-aspect-ratio = \"1.6\" data-source='{\"source\":\"selected\",\"account_name\":\"themeforest\",\"count\":\"10\",\"col\":\"three\",\"masonry\":0}' data-gutter-width=\"40\" data-images-array=\"4094,4081,4080,4082,4083,4090,4092,4096,4087,4089,4084,4088\" data-col=\"three\" data-items-per-load=\"9\" data-hover-style=\"style1-hover\" data-image-grayscale=\"c_to_c\" data-lightbox-type=\"photoswipe\" data-image-source=\"selected\" data-image-effect=\"none\" data-thumb-overlay-color=\"#60c2d3\" data-grad-style-color=\"background:#60c2d3\" data-like-button=\"0\" data-hover-content=\"icon\" data-hover-content-color=\"#ffffff\" ><div class=\"portfolio-container clickable clearfix portfolio-shortcode be-photoswipe-gallery scale \"><div class=\"element be-hoverlay not-wide no-wide-width-height style1-hover c_to_c\" style=\"margin-bottom: 40px;\"><div class=\"element-inner\" style=\"margin-left: 40px;\"><a href=\"http:\/\/www.elipsdizayn.com\/wp-content\/uploads\/2019\/05\/kopyalamamerkezi_com.jpg\" data-size=\"1114x558\" data-href=\"http:\/\/www.elipsdizayn.com\/wp-content\/uploads\/2019\/05\/kopyalamamerkezi_com.jpg\" class=\"thumb-wrap\" title=\"Kopyalamamerkezi \/\/ Narbask\u0131 merkezi i\u00e7in yap\u0131ld\u0131 2017\"><div class=\"flip-wrap\"><div  style = \"padding-bottom : 62.5%;;\" class=\"flip-img-wrap none-effect\"><img decoding=\"async\" src=\"http:\/\/www.elipsdizayn.com\/wp-content\/uploads\/2019\/05\/kopyalamamerkezi_com-650x406.jpg\" alt=\"\" data-attr=\"0\"\/><\/div><\/div><div class=\"thumb-overlay\"><div class=\"thumb-bg\" style=\"background-color:#60c2d3;background:#60c2d3\"><div class=\"thumb-title-wrap display-table-cell vertical-align-middle align-center fadeIn animated\"><div class=\"thumb-title\" style=\"color:#ffffff;\"><i class=\"portfolio-overlay-icon\"><\/i><\/div><\/div><\/div><\/div><\/a><div class=\"gallery-like like-button-wrap\"><a href=\"#\" class=\"custom-like-button no-liked\" data-post-id=\"4094\"><i class=\"font-icon icon-icon_heart\"><\/i><span>2<\/span><\/a><\/div><\/div><\/div><div class=\"element be-hoverlay not-wide no-wide-width-height style1-hover c_to_c\" style=\"margin-bottom: 40px;\"><div class=\"element-inner\" style=\"margin-left: 40px;\"><a href=\"http:\/\/www.elipsdizayn.com\/wp-content\/uploads\/2019\/04\/chocoloft_LOGO.jpg\" data-size=\"896x691\" data-href=\"http:\/\/www.elipsdizayn.com\/wp-content\/uploads\/2019\/04\/chocoloft_LOGO.jpg\" class=\"thumb-wrap\" title=\"Choco Loft \/\/  Star Ambalaj i\u00e7in yap\u0131ld\u0131 2010\"><div class=\"flip-wrap\"><div  style = \"padding-bottom : 62.5%;;\" class=\"flip-img-wrap none-effect\"><img decoding=\"async\" src=\"http:\/\/www.elipsdizayn.com\/wp-content\/uploads\/2019\/04\/chocoloft_LOGO-650x406.jpg\" alt=\"Choco Loft \/\/ Star Ambalaj i\u00e7in yap\u0131ld\u0131 2010\" data-attr=\"0\"\/><\/div><\/div><div class=\"thumb-overlay\"><div class=\"thumb-bg\" style=\"background-color:#60c2d3;background:#60c2d3\"><div class=\"thumb-title-wrap display-table-cell vertical-align-middle align-center fadeIn animated\"><div class=\"thumb-title\" style=\"color:#ffffff;\"><i class=\"portfolio-overlay-icon\"><\/i><\/div><\/div><\/div><\/div><\/a><div class=\"gallery-like like-button-wrap\"><a href=\"#\" class=\"custom-like-button no-liked\" data-post-id=\"4081\"><i class=\"font-icon icon-icon_heart\"><\/i><span>0<\/span><\/a><\/div><\/div><\/div><div class=\"element be-hoverlay not-wide no-wide-width-height style1-hover c_to_c\" style=\"margin-bottom: 40px;\"><div class=\"element-inner\" style=\"margin-left: 40px;\"><a href=\"http:\/\/www.elipsdizayn.com\/wp-content\/uploads\/2019\/04\/goksan_ReysSRXX-copy-4-1.jpg\" data-size=\"1114x558\" data-href=\"http:\/\/www.elipsdizayn.com\/wp-content\/uploads\/2019\/04\/goksan_ReysSRXX-copy-4-1.jpg\" class=\"thumb-wrap\" title=\"ReysSRXX \/\/  Star Ambalaj i\u00e7in yap\u0131ld\u0131 2010\"><div class=\"flip-wrap\"><div  style = \"padding-bottom : 62.5%;;\" class=\"flip-img-wrap none-effect\"><img decoding=\"async\" src=\"http:\/\/www.elipsdizayn.com\/wp-content\/uploads\/2019\/04\/goksan_ReysSRXX-copy-4-1-650x406.jpg\" alt=\"ReysSRXX \/\/ Star Ambalaj i\u00e7in yap\u0131ld\u0131 2010\" data-attr=\"0\"\/><\/div><\/div><div class=\"thumb-overlay\"><div class=\"thumb-bg\" style=\"background-color:#60c2d3;background:#60c2d3\"><div class=\"thumb-title-wrap display-table-cell vertical-align-middle align-center fadeIn animated\"><div class=\"thumb-title\" style=\"color:#ffffff;\"><i class=\"portfolio-overlay-icon\"><\/i><\/div><\/div><\/div><\/div><\/a><div class=\"gallery-like like-button-wrap\"><a href=\"#\" class=\"custom-like-button no-liked\" data-post-id=\"4080\"><i class=\"font-icon icon-icon_heart\"><\/i><span>0<\/span><\/a><\/div><\/div><\/div><div class=\"element be-hoverlay not-wide no-wide-width-height style1-hover c_to_c\" style=\"margin-bottom: 40px;\"><div class=\"element-inner\" style=\"margin-left: 40px;\"><a href=\"http:\/\/www.elipsdizayn.com\/wp-content\/uploads\/2019\/04\/egepelle-1.jpg\" data-size=\"1183x1299\" data-href=\"http:\/\/www.elipsdizayn.com\/wp-content\/uploads\/2019\/04\/egepelle-1.jpg\" class=\"thumb-wrap\" title=\"Egepelle  \/\/Egepelle Zeytincilik i\u00e7in yap\u0131ld\u0131 2015\"><div class=\"flip-wrap\"><div  style = \"padding-bottom : 62.5%;;\" class=\"flip-img-wrap none-effect\"><img decoding=\"async\" src=\"http:\/\/www.elipsdizayn.com\/wp-content\/uploads\/2019\/04\/egepelle-1-650x406.jpg\" alt=\"Egepelle \/\/Egepelle Zeytincilik i\u00e7in yap\u0131ld\u0131 2015\" data-attr=\"0\"\/><\/div><\/div><div class=\"thumb-overlay\"><div class=\"thumb-bg\" style=\"background-color:#60c2d3;background:#60c2d3\"><div class=\"thumb-title-wrap display-table-cell vertical-align-middle align-center fadeIn animated\"><div class=\"thumb-title\" style=\"color:#ffffff;\"><i class=\"portfolio-overlay-icon\"><\/i><\/div><\/div><\/div><\/div><\/a><div class=\"gallery-like like-button-wrap\"><a href=\"#\" class=\"custom-like-button no-liked\" data-post-id=\"4082\"><i class=\"font-icon icon-icon_heart\"><\/i><span>0<\/span><\/a><\/div><\/div><\/div><div class=\"element be-hoverlay not-wide no-wide-width-height style1-hover c_to_c\" style=\"margin-bottom: 40px;\"><div class=\"element-inner\" style=\"margin-left: 40px;\"><a href=\"http:\/\/www.elipsdizayn.com\/wp-content\/uploads\/2019\/04\/eraslan_muhendislik.jpg\" data-size=\"1114x558\" data-href=\"http:\/\/www.elipsdizayn.com\/wp-content\/uploads\/2019\/04\/eraslan_muhendislik.jpg\" class=\"thumb-wrap\" title=\"Eraslan M\u00fchendislik  \/\/Eraslan M\u00fchendislik i\u00e7in yap\u0131ld\u0131 2008\"><div class=\"flip-wrap\"><div  style = \"padding-bottom : 62.5%;;\" class=\"flip-img-wrap none-effect\"><img decoding=\"async\" src=\"http:\/\/www.elipsdizayn.com\/wp-content\/uploads\/2019\/04\/eraslan_muhendislik-650x406.jpg\" alt=\"Eraslan M\u00fchendislik \/\/Eraslan M\u00fchendislik i\u00e7in yap\u0131ld\u0131 2008\" data-attr=\"0\"\/><\/div><\/div><div class=\"thumb-overlay\"><div class=\"thumb-bg\" style=\"background-color:#60c2d3;background:#60c2d3\"><div class=\"thumb-title-wrap display-table-cell vertical-align-middle align-center fadeIn animated\"><div class=\"thumb-title\" style=\"color:#ffffff;\"><i class=\"portfolio-overlay-icon\"><\/i><\/div><\/div><\/div><\/div><\/a><div class=\"gallery-like like-button-wrap\"><a href=\"#\" class=\"custom-like-button no-liked\" data-post-id=\"4083\"><i class=\"font-icon icon-icon_heart\"><\/i><span>0<\/span><\/a><\/div><\/div><\/div><div class=\"element be-hoverlay not-wide no-wide-width-height style1-hover c_to_c\" style=\"margin-bottom: 40px;\"><div class=\"element-inner\" style=\"margin-left: 40px;\"><a href=\"http:\/\/www.elipsdizayn.com\/wp-content\/uploads\/2019\/04\/zibazenantesetuur.jpg\" data-size=\"1114x558\" data-href=\"http:\/\/www.elipsdizayn.com\/wp-content\/uploads\/2019\/04\/zibazenantesetuur.jpg\" class=\"thumb-wrap\" title=\"Zenantesett\u00fcr \/\/Zenantesett\u00fcr i\u00e7in yap\u0131ld\u0131 2015\"><div class=\"flip-wrap\"><div  style = \"padding-bottom : 62.5%;;\" class=\"flip-img-wrap none-effect\"><img decoding=\"async\" src=\"http:\/\/www.elipsdizayn.com\/wp-content\/uploads\/2019\/04\/zibazenantesetuur-650x406.jpg\" alt=\"Zenantesett\u00fcr \/\/Zenantesett\u00fcr i\u00e7in yap\u0131ld\u0131 2015\" data-attr=\"0\"\/><\/div><\/div><div class=\"thumb-overlay\"><div class=\"thumb-bg\" style=\"background-color:#60c2d3;background:#60c2d3\"><div class=\"thumb-title-wrap display-table-cell vertical-align-middle align-center fadeIn animated\"><div class=\"thumb-title\" style=\"color:#ffffff;\"><i class=\"portfolio-overlay-icon\"><\/i><\/div><\/div><\/div><\/div><\/a><div class=\"gallery-like like-button-wrap\"><a href=\"#\" class=\"custom-like-button no-liked\" data-post-id=\"4090\"><i class=\"font-icon icon-icon_heart\"><\/i><span>0<\/span><\/a><\/div><\/div><\/div><div class=\"element be-hoverlay not-wide no-wide-width-height style1-hover c_to_c\" style=\"margin-bottom: 40px;\"><div class=\"element-inner\" style=\"margin-left: 40px;\"><a href=\"http:\/\/www.elipsdizayn.com\/wp-content\/uploads\/2019\/05\/LOFT_3D_04.jpg\" data-size=\"1114x558\" data-href=\"http:\/\/www.elipsdizayn.com\/wp-content\/uploads\/2019\/05\/LOFT_3D_04.jpg\" class=\"thumb-wrap\" title=\"Choco Loft \/\/  Star Ambalaj i\u00e7in yap\u0131ld\u0131 2010\"><div class=\"flip-wrap\"><div  style = \"padding-bottom : 62.5%;;\" class=\"flip-img-wrap none-effect\"><img decoding=\"async\" src=\"http:\/\/www.elipsdizayn.com\/wp-content\/uploads\/2019\/05\/LOFT_3D_04-650x406.jpg\" alt=\"Choco Loft \/\/ Star Ambalaj i\u00e7in yap\u0131ld\u0131 2010\" data-attr=\"0\"\/><\/div><\/div><div class=\"thumb-overlay\"><div class=\"thumb-bg\" style=\"background-color:#60c2d3;background:#60c2d3\"><div class=\"thumb-title-wrap display-table-cell vertical-align-middle align-center fadeIn animated\"><div class=\"thumb-title\" style=\"color:#ffffff;\"><i class=\"portfolio-overlay-icon\"><\/i><\/div><\/div><\/div><\/div><\/a><div class=\"gallery-like like-button-wrap\"><a href=\"#\" class=\"custom-like-button no-liked\" data-post-id=\"4092\"><i class=\"font-icon icon-icon_heart\"><\/i><span>0<\/span><\/a><\/div><\/div><\/div><div class=\"element be-hoverlay not-wide no-wide-width-height style1-hover c_to_c\" style=\"margin-bottom: 40px;\"><div class=\"element-inner\" style=\"margin-left: 40px;\"><a href=\"http:\/\/www.elipsdizayn.com\/wp-content\/uploads\/2019\/05\/mem_u_zin_01.jpg\" data-size=\"1114x558\" data-href=\"http:\/\/www.elipsdizayn.com\/wp-content\/uploads\/2019\/05\/mem_u_zin_01.jpg\" class=\"thumb-wrap\" title=\"Mem u Zin \/\/ Star Ambalaj i\u00e7in yap\u0131ld\u0131 2010\"><div class=\"flip-wrap\"><div  style = \"padding-bottom : 62.5%;;\" class=\"flip-img-wrap none-effect\"><img decoding=\"async\" src=\"http:\/\/www.elipsdizayn.com\/wp-content\/uploads\/2019\/05\/mem_u_zin_01-650x406.jpg\" alt=\"Mem u Zin \/\/ Star Ambalaj i\u00e7in yap\u0131ld\u0131 2010\" data-attr=\"0\"\/><\/div><\/div><div class=\"thumb-overlay\"><div class=\"thumb-bg\" style=\"background-color:#60c2d3;background:#60c2d3\"><div class=\"thumb-title-wrap display-table-cell vertical-align-middle align-center fadeIn animated\"><div class=\"thumb-title\" style=\"color:#ffffff;\"><i class=\"portfolio-overlay-icon\"><\/i><\/div><\/div><\/div><\/div><\/a><div class=\"gallery-like like-button-wrap\"><a href=\"#\" class=\"custom-like-button no-liked\" data-post-id=\"4096\"><i class=\"font-icon icon-icon_heart\"><\/i><span>0<\/span><\/a><\/div><\/div><\/div><div class=\"element be-hoverlay not-wide no-wide-width-height style1-hover c_to_c\" style=\"margin-bottom: 40px;\"><div class=\"element-inner\" style=\"margin-left: 40px;\"><a href=\"http:\/\/www.elipsdizayn.com\/wp-content\/uploads\/2019\/04\/sanky_susamli_cubuk_kraker.jpg\" data-size=\"1207x1027\" data-href=\"http:\/\/www.elipsdizayn.com\/wp-content\/uploads\/2019\/04\/sanky_susamli_cubuk_kraker.jpg\" class=\"thumb-wrap\" title=\"Sanky Susamli \u00c7ubuk Kraker  \/\/Starambalaj i\u00e7in yap\u0131ld\u0131 2011\"><div class=\"flip-wrap\"><div  style = \"padding-bottom : 62.5%;;\" class=\"flip-img-wrap none-effect\"><img decoding=\"async\" src=\"http:\/\/www.elipsdizayn.com\/wp-content\/uploads\/2019\/04\/sanky_susamli_cubuk_kraker-650x406.jpg\" alt=\"Sanky Susamli \u00c7ubuk Kraker \/\/Starambalaj i\u00e7in yap\u0131ld\u0131 2011\" data-attr=\"0\"\/><\/div><\/div><div class=\"thumb-overlay\"><div class=\"thumb-bg\" style=\"background-color:#60c2d3;background:#60c2d3\"><div class=\"thumb-title-wrap display-table-cell vertical-align-middle align-center fadeIn animated\"><div class=\"thumb-title\" style=\"color:#ffffff;\"><i class=\"portfolio-overlay-icon\"><\/i><\/div><\/div><\/div><\/div><\/a><div class=\"gallery-like like-button-wrap\"><a href=\"#\" class=\"custom-like-button no-liked\" data-post-id=\"4087\"><i class=\"font-icon icon-icon_heart\"><\/i><span>0<\/span><\/a><\/div><\/div><\/div><div class=\"element be-hoverlay not-wide no-wide-width-height style1-hover c_to_c\" style=\"margin-bottom: 40px;\"><div class=\"element-inner\" style=\"margin-left: 40px;\"><a href=\"http:\/\/www.elipsdizayn.com\/wp-content\/uploads\/2019\/04\/sutlu_kurabiye.jpg\" data-size=\"1114x558\" data-href=\"http:\/\/www.elipsdizayn.com\/wp-content\/uploads\/2019\/04\/sutlu_kurabiye.jpg\" class=\"thumb-wrap\" title=\"S\u00fctl\u00fc Beyaz Kurabiye \/\/Starambalaj i\u00e7in yap\u0131ld\u0131 2011\"><div class=\"flip-wrap\"><div  style = \"padding-bottom : 62.5%;;\" class=\"flip-img-wrap none-effect\"><img decoding=\"async\" src=\"http:\/\/www.elipsdizayn.com\/wp-content\/uploads\/2019\/04\/sutlu_kurabiye-650x406.jpg\" alt=\"S\u00fctl\u00fc Beyaz Kurabiye \/\/Starambalaj i\u00e7in yap\u0131ld\u0131 2011\" data-attr=\"0\"\/><\/div><\/div><div class=\"thumb-overlay\"><div class=\"thumb-bg\" style=\"background-color:#60c2d3;background:#60c2d3\"><div class=\"thumb-title-wrap display-table-cell vertical-align-middle align-center fadeIn animated\"><div class=\"thumb-title\" style=\"color:#ffffff;\"><i class=\"portfolio-overlay-icon\"><\/i><\/div><\/div><\/div><\/div><\/a><div class=\"gallery-like like-button-wrap\"><a href=\"#\" class=\"custom-like-button no-liked\" data-post-id=\"4089\"><i class=\"font-icon icon-icon_heart\"><\/i><span>0<\/span><\/a><\/div><\/div><\/div><div class=\"element be-hoverlay not-wide no-wide-width-height style1-hover c_to_c\" style=\"margin-bottom: 40px;\"><div class=\"element-inner\" style=\"margin-left: 40px;\"><a href=\"http:\/\/www.elipsdizayn.com\/wp-content\/uploads\/2019\/04\/krik_krak-1.jpg\" data-size=\"1192x963\" data-href=\"http:\/\/www.elipsdizayn.com\/wp-content\/uploads\/2019\/04\/krik_krak-1.jpg\" class=\"thumb-wrap\" title=\"Krik Krak  \/\/Starambalaj i\u00e7in yap\u0131ld\u0131 2011\"><div class=\"flip-wrap\"><div  style = \"padding-bottom : 62.5%;;\" class=\"flip-img-wrap none-effect\"><img decoding=\"async\" src=\"http:\/\/www.elipsdizayn.com\/wp-content\/uploads\/2019\/04\/krik_krak-1-650x406.jpg\" alt=\"Krik Krak \/\/Starambalaj i\u00e7in yap\u0131ld\u0131 2011\" data-attr=\"0\"\/><\/div><\/div><div class=\"thumb-overlay\"><div class=\"thumb-bg\" style=\"background-color:#60c2d3;background:#60c2d3\"><div class=\"thumb-title-wrap display-table-cell vertical-align-middle align-center fadeIn animated\"><div class=\"thumb-title\" style=\"color:#ffffff;\"><i class=\"portfolio-overlay-icon\"><\/i><\/div><\/div><\/div><\/div><\/a><div class=\"gallery-like like-button-wrap\"><a href=\"#\" class=\"custom-like-button no-liked\" data-post-id=\"4084\"><i class=\"font-icon icon-icon_heart\"><\/i><span>0<\/span><\/a><\/div><\/div><\/div><div class=\"element be-hoverlay not-wide no-wide-width-height style1-hover c_to_c\" style=\"margin-bottom: 40px;\"><div class=\"element-inner\" style=\"margin-left: 40px;\"><a href=\"http:\/\/www.elipsdizayn.com\/wp-content\/uploads\/2019\/04\/stix_krak.jpg\" data-size=\"1098x834\" data-href=\"http:\/\/www.elipsdizayn.com\/wp-content\/uploads\/2019\/04\/stix_krak.jpg\" class=\"thumb-wrap\" title=\"Stix Krak  \/\/Starambalaj i\u00e7in yap\u0131ld\u0131 2011\"><div class=\"flip-wrap\"><div  style = \"padding-bottom : 62.5%;;\" class=\"flip-img-wrap none-effect\"><img decoding=\"async\" src=\"http:\/\/www.elipsdizayn.com\/wp-content\/uploads\/2019\/04\/stix_krak-650x406.jpg\" alt=\"Stix Krak \/\/Starambalaj i\u00e7in yap\u0131ld\u0131 2011\" data-attr=\"0\"\/><\/div><\/div><div class=\"thumb-overlay\"><div class=\"thumb-bg\" style=\"background-color:#60c2d3;background:#60c2d3\"><div class=\"thumb-title-wrap display-table-cell vertical-align-middle align-center fadeIn animated\"><div class=\"thumb-title\" style=\"color:#ffffff;\"><i class=\"portfolio-overlay-icon\"><\/i><\/div><\/div><\/div><\/div><\/a><div class=\"gallery-like like-button-wrap\"><a href=\"#\" class=\"custom-like-button no-liked\" data-post-id=\"4088\"><i class=\"font-icon icon-icon_heart\"><\/i><span>0<\/span><\/a><\/div><\/div><\/div><\/div><\/div><\/div><\/div><\/div><div class = \"tatsu-column-bg-image-wrap\"><div class = \"tatsu-column-bg-image\" ><\/div><\/div><\/div><style>.tatsu-SkjZi7Ui4.tatsu-column > .tatsu-column-inner > .tatsu-column-overlay{mix-blend-mode: none;}.tatsu-SkjZi7Ui4 > .tatsu-column-inner > .tatsu-top-divider{z-index: 9999;}.tatsu-SkjZi7Ui4 > .tatsu-column-inner > .tatsu-bottom-divider{z-index: 9999;}.tatsu-SkjZi7Ui4 > .tatsu-column-inner > .tatsu-left-divider{z-index: 9999;}.tatsu-SkjZi7Ui4 > .tatsu-column-inner > .tatsu-right-divider{z-index: 9999;}.tatsu-SkjZi7Ui4.tatsu-column{transform: translate3d(0px,0px, 0);}<\/style><\/div><\/div><\/div><\/div><div class=\"tatsu-section-background-wrap\"><div class = \"tatsu-section-background\" ><\/div><\/div><style>.tatsu-HJ-sZsmUi4 .tatsu-section-pad{padding: 90px 0px 90px 0px;}.tatsu-HJ-sZsmUi4.tatsu-section{margin: 0px 0px 0px 0px;}.tatsu-HJ-sZsmUi4 > .tatsu-bottom-divider{z-index: 9999;}.tatsu-HJ-sZsmUi4 > .tatsu-top-divider{z-index: 9999;}<\/style><\/div>\n","protected":false},"excerpt":{"rendered":"<p><a href=\"http:\/\/www.elipsdizayn.com\/index.php\/amblem-logotype\/\" class=\"more-link style3-button\">Read More<\/a><\/p>","protected":false},"author":1,"featured_media":0,"parent":0,"menu_order":0,"comment_status":"closed","ping_status":"closed","template":"","meta":{"footnotes":""},"_links":{"self":[{"href":"http:\/\/www.elipsdizayn.com\/index.php\/wp-json\/wp\/v2\/pages\/4078"}],"collection":[{"href":"http:\/\/www.elipsdizayn.com\/index.php\/wp-json\/wp\/v2\/pages"}],"about":[{"href":"http:\/\/www.elipsdizayn.com\/index.php\/wp-json\/wp\/v2\/types\/page"}],"author":[{"embeddable":true,"href":"http:\/\/www.elipsdizayn.com\/index.php\/wp-json\/wp\/v2\/users\/1"}],"replies":[{"embeddable":true,"href":"http:\/\/www.elipsdizayn.com\/index.php\/wp-json\/wp\/v2\/comments?post=4078"}],"version-history":[{"count":5,"href":"http:\/\/www.elipsdizayn.com\/index.php\/wp-json\/wp\/v2\/pages\/4078\/revisions"}],"predecessor-version":[{"id":4097,"href":"http:\/\/www.elipsdizayn.com\/index.php\/wp-json\/wp\/v2\/pages\/4078\/revisions\/4097"}],"wp:attachment":[{"href":"http:\/\/www.elipsdizayn.com\/index.php\/wp-json\/wp\/v2\/media?parent=4078"}],"curies":[{"name":"wp","href":"https:\/\/api.w.org\/{rel}","templated":true}]}}